{"id":721,"date":"2021-03-17T15:26:21","date_gmt":"2021-03-17T15:26:21","guid":{"rendered":"https:\/\/fundacionfafe.org\/?page_id=721"},"modified":"2023-05-08T20:55:30","modified_gmt":"2023-05-08T20:55:30","slug":"rtedian","status":"publish","type":"page","link":"https:\/\/fundacionfafe.org\/en\/rtedian\/","title":{"rendered":"RTE+DIAN"},"content":{"rendered":"<div data-elementor-type=\"wp-page\" data-elementor-id=\"721\" class=\"elementor elementor-721\">\n\t\t\t\t\t\t<section class=\"elementor-section elementor-top-section elementor-element elementor-element-147de83c elementor-section-boxed elementor-section-height-default elementor-section-height-default\" data-id=\"147de83c\" data-element_type=\"section\">\n\t\t\t\t\t\t<div class=\"elementor-container elementor-column-gap-default\">\n\t\t\t\t\t<div class=\"elementor-column elementor-col-100 elementor-top-column elementor-element elementor-element-324d6bdc\" data-id=\"324d6bdc\" data-element_type=\"column\">\n\t\t\t<div class=\"elementor-widget-wrap elementor-element-populated\">\n\t\t\t\t\t\t<div class=\"elementor-element elementor-element-4506e1a4 elementor-widget elementor-widget-heading\" data-id=\"4506e1a4\" data-element_type=\"widget\" data-widget_type=\"heading.default\">\n\t\t\t\t<div class=\"elementor-widget-container\">\n\t\t\t\t\t<h3 class=\"elementor-heading-title elementor-size-large\">DIAN RTE<\/h3>\t\t\t\t<\/div>\n\t\t\t\t<\/div>\n\t\t\t\t<div class=\"elementor-element elementor-element-2653e2f6 elementor-widget-divider--view-line elementor-widget elementor-widget-divider\" data-id=\"2653e2f6\" data-element_type=\"widget\" data-widget_type=\"divider.default\">\n\t\t\t\t<div class=\"elementor-widget-container\">\n\t\t\t\t\t\t\t<div class=\"elementor-divider\">\n\t\t\t<span class=\"elementor-divider-separator\">\n\t\t\t\t\t\t<\/span>\n\t\t<\/div>\n\t\t\t\t\t\t<\/div>\n\t\t\t\t<\/div>\n\t\t\t\t<section class=\"elementor-section elementor-inner-section elementor-element elementor-element-11362080 elementor-section-boxed elementor-section-height-default elementor-section-height-default\" data-id=\"11362080\" data-element_type=\"section\">\n\t\t\t\t\t\t<div class=\"elementor-container elementor-column-gap-wider\">\n\t\t\t\t\t<div class=\"elementor-column elementor-col-50 elementor-inner-column elementor-element elementor-element-3b93ea8a\" data-id=\"3b93ea8a\" data-element_type=\"column\">\n\t\t\t<div class=\"elementor-widget-wrap elementor-element-populated\">\n\t\t\t\t\t\t<div class=\"elementor-element elementor-element-b61b84d elementor-position-left elementor-vertical-align-middle elementor-widget elementor-widget-image-box\" data-id=\"b61b84d\" data-element_type=\"widget\" data-widget_type=\"image-box.default\">\n\t\t\t\t<div class=\"elementor-widget-container\">\n\t\t\t\t\t<div class=\"elementor-image-box-wrapper\"><figure class=\"elementor-image-box-img\"><a href=\"https:\/\/fundacionfafe.org\/wp-content\/uploads\/2023\/05\/CCMA-MAR-29-2023.pdf\" tabindex=\"-1\"><img decoding=\"async\" width=\"128\" height=\"128\" src=\"https:\/\/fundacionfafe.org\/wp-content\/uploads\/2021\/03\/1470399662_Marketing.png\" class=\"attachment-full size-full wp-image-745\" alt=\"\" srcset=\"https:\/\/fundacionfafe.org\/wp-content\/uploads\/2021\/03\/1470399662_Marketing.png 128w, https:\/\/fundacionfafe.org\/wp-content\/uploads\/2021\/03\/1470399662_Marketing-12x12.png 12w, https:\/\/fundacionfafe.org\/wp-content\/uploads\/2021\/03\/1470399662_Marketing-50x50.png 50w, https:\/\/fundacionfafe.org\/wp-content\/uploads\/2021\/03\/1470399662_Marketing-70x70.png 70w, https:\/\/fundacionfafe.org\/wp-content\/uploads\/2021\/03\/1470399662_Marketing-100x100.png 100w\" sizes=\"(max-width: 128px) 100vw, 128px\" \/><\/a><\/figure><div class=\"elementor-image-box-content\"><h3 class=\"elementor-image-box-title\"><a href=\"https:\/\/fundacionfafe.org\/wp-content\/uploads\/2023\/05\/CCMA-MAR-29-2023.pdf\">CCMA MAR 29 2023<\/a><\/h3><p class=\"elementor-image-box-description\">Conoce los detalles de este documento haciendo click en esta secci\u00f3n. Cualquier informaci\u00f3n adicional deber\u00e1 ser solicitada con antelaci\u00f3n.<\/p><\/div><\/div>\t\t\t\t<\/div>\n\t\t\t\t<\/div>\n\t\t\t\t<div class=\"elementor-element elementor-element-b4eb75c elementor-position-left elementor-vertical-align-middle elementor-widget elementor-widget-image-box\" data-id=\"b4eb75c\" data-element_type=\"widget\" data-widget_type=\"image-box.default\">\n\t\t\t\t<div class=\"elementor-widget-container\">\n\t\t\t\t\t<div class=\"elementor-image-box-wrapper\"><figure class=\"elementor-image-box-img\"><a href=\"https:\/\/fundacionfafe.org\/wp-content\/uploads\/2023\/05\/CERTIFICACION-DE-CUMPLIMIENTO-DE-REQUISITOS-PARA-PERMANECER-RTE.pdf\" tabindex=\"-1\"><img decoding=\"async\" width=\"128\" height=\"128\" src=\"https:\/\/fundacionfafe.org\/wp-content\/uploads\/2021\/03\/1470399662_Marketing.png\" class=\"attachment-full size-full wp-image-745\" alt=\"\" srcset=\"https:\/\/fundacionfafe.org\/wp-content\/uploads\/2021\/03\/1470399662_Marketing.png 128w, https:\/\/fundacionfafe.org\/wp-content\/uploads\/2021\/03\/1470399662_Marketing-12x12.png 12w, https:\/\/fundacionfafe.org\/wp-content\/uploads\/2021\/03\/1470399662_Marketing-50x50.png 50w, https:\/\/fundacionfafe.org\/wp-content\/uploads\/2021\/03\/1470399662_Marketing-70x70.png 70w, https:\/\/fundacionfafe.org\/wp-content\/uploads\/2021\/03\/1470399662_Marketing-100x100.png 100w\" sizes=\"(max-width: 128px) 100vw, 128px\" \/><\/a><\/figure><div class=\"elementor-image-box-content\"><h3 class=\"elementor-image-box-title\"><a href=\"https:\/\/fundacionfafe.org\/wp-content\/uploads\/2023\/05\/CERTIFICACION-DE-CUMPLIMIENTO-DE-REQUISITOS-PARA-PERMANECER-RTE.pdf\">CERTIFICACION DE CUMPLIMIENTO DE REQUISITOS PARA PERMANECER RTE<\/a><\/h3><p class=\"elementor-image-box-description\">Conoce los detalles de este documento haciendo click en esta secci\u00f3n. Cualquier informaci\u00f3n adicional deber\u00e1 ser solicitada con antelaci\u00f3n.<\/p><\/div><\/div>\t\t\t\t<\/div>\n\t\t\t\t<\/div>\n\t\t\t\t<div class=\"elementor-element elementor-element-0693e1a elementor-position-left elementor-vertical-align-middle elementor-widget elementor-widget-image-box\" data-id=\"0693e1a\" data-element_type=\"widget\" data-widget_type=\"image-box.default\">\n\t\t\t\t<div class=\"elementor-widget-container\">\n\t\t\t\t\t<div class=\"elementor-image-box-wrapper\"><figure class=\"elementor-image-box-img\"><a href=\"https:\/\/fundacionfafe.org\/wp-content\/uploads\/2023\/05\/CERTIFICACION-ANTECEDENTES-JUDICIALES-Y-CADUCIDAD-DE-CONTRATOS-Fafe.pdf\" tabindex=\"-1\"><img decoding=\"async\" width=\"128\" height=\"128\" src=\"https:\/\/fundacionfafe.org\/wp-content\/uploads\/2021\/03\/1470399662_Marketing.png\" class=\"attachment-full size-full wp-image-745\" alt=\"\" srcset=\"https:\/\/fundacionfafe.org\/wp-content\/uploads\/2021\/03\/1470399662_Marketing.png 128w, https:\/\/fundacionfafe.org\/wp-content\/uploads\/2021\/03\/1470399662_Marketing-12x12.png 12w, https:\/\/fundacionfafe.org\/wp-content\/uploads\/2021\/03\/1470399662_Marketing-50x50.png 50w, https:\/\/fundacionfafe.org\/wp-content\/uploads\/2021\/03\/1470399662_Marketing-70x70.png 70w, https:\/\/fundacionfafe.org\/wp-content\/uploads\/2021\/03\/1470399662_Marketing-100x100.png 100w\" sizes=\"(max-width: 128px) 100vw, 128px\" \/><\/a><\/figure><div class=\"elementor-image-box-content\"><h3 class=\"elementor-image-box-title\"><a href=\"https:\/\/fundacionfafe.org\/wp-content\/uploads\/2023\/05\/CERTIFICACION-ANTECEDENTES-JUDICIALES-Y-CADUCIDAD-DE-CONTRATOS-Fafe.pdf\">CERTIFICACI\u00d3N ANTECEDENTES JUDICIALES Y CADUCIDAD DE CONTRATOS Fafe<\/a><\/h3><p class=\"elementor-image-box-description\">Conoce los detalles de este documento haciendo click en esta secci\u00f3n. Cualquier informaci\u00f3n adicional deber\u00e1 ser solicitada con antelaci\u00f3n.<\/p><\/div><\/div>\t\t\t\t<\/div>\n\t\t\t\t<\/div>\n\t\t\t\t\t<\/div>\n\t\t<\/div>\n\t\t\t\t<div class=\"elementor-column elementor-col-50 elementor-inner-column elementor-element elementor-element-63091bf6\" data-id=\"63091bf6\" data-element_type=\"column\">\n\t\t\t<div class=\"elementor-widget-wrap elementor-element-populated\">\n\t\t\t\t\t\t<div class=\"elementor-element elementor-element-360498e elementor-position-left elementor-vertical-align-middle elementor-widget elementor-widget-image-box\" data-id=\"360498e\" data-element_type=\"widget\" data-widget_type=\"image-box.default\">\n\t\t\t\t<div class=\"elementor-widget-container\">\n\t\t\t\t\t<div class=\"elementor-image-box-wrapper\"><figure class=\"elementor-image-box-img\"><a href=\"https:\/\/fundacionfafe.org\/wp-content\/uploads\/2023\/05\/SOLICITUD-DE-PERMANENCIA-APROBADA.pdf\" tabindex=\"-1\"><img decoding=\"async\" width=\"128\" height=\"128\" src=\"https:\/\/fundacionfafe.org\/wp-content\/uploads\/2021\/03\/1470399662_Marketing.png\" class=\"attachment-full size-full wp-image-745\" alt=\"\" srcset=\"https:\/\/fundacionfafe.org\/wp-content\/uploads\/2021\/03\/1470399662_Marketing.png 128w, https:\/\/fundacionfafe.org\/wp-content\/uploads\/2021\/03\/1470399662_Marketing-12x12.png 12w, https:\/\/fundacionfafe.org\/wp-content\/uploads\/2021\/03\/1470399662_Marketing-50x50.png 50w, https:\/\/fundacionfafe.org\/wp-content\/uploads\/2021\/03\/1470399662_Marketing-70x70.png 70w, https:\/\/fundacionfafe.org\/wp-content\/uploads\/2021\/03\/1470399662_Marketing-100x100.png 100w\" sizes=\"(max-width: 128px) 100vw, 128px\" \/><\/a><\/figure><div class=\"elementor-image-box-content\"><h3 class=\"elementor-image-box-title\"><a href=\"https:\/\/fundacionfafe.org\/wp-content\/uploads\/2023\/05\/SOLICITUD-DE-PERMANENCIA-APROBADA.pdf\">SOLICITUD DE PERMANENCIA APROBADA<\/a><\/h3><p class=\"elementor-image-box-description\">Conoce los detalles de este documento haciendo click en esta secci\u00f3n. Cualquier informaci\u00f3n adicional deber\u00e1 ser solicitada con antelaci\u00f3n.<\/p><\/div><\/div>\t\t\t\t<\/div>\n\t\t\t\t<\/div>\n\t\t\t\t<div class=\"elementor-element elementor-element-5163003 elementor-position-left elementor-vertical-align-middle elementor-widget elementor-widget-image-box\" data-id=\"5163003\" data-element_type=\"widget\" data-widget_type=\"image-box.default\">\n\t\t\t\t<div class=\"elementor-widget-container\">\n\t\t\t\t\t<div class=\"elementor-image-box-wrapper\"><figure class=\"elementor-image-box-img\"><a href=\"https:\/\/fundacionfafe.org\/wp-content\/uploads\/2023\/05\/CERTIFICACION-CARGOS-DIRECTIVOS-Y-GERENCIALES-Fafe.pdf\" tabindex=\"-1\"><img decoding=\"async\" width=\"128\" height=\"128\" src=\"https:\/\/fundacionfafe.org\/wp-content\/uploads\/2021\/03\/1470399662_Marketing.png\" class=\"attachment-full size-full wp-image-745\" alt=\"\" srcset=\"https:\/\/fundacionfafe.org\/wp-content\/uploads\/2021\/03\/1470399662_Marketing.png 128w, https:\/\/fundacionfafe.org\/wp-content\/uploads\/2021\/03\/1470399662_Marketing-12x12.png 12w, https:\/\/fundacionfafe.org\/wp-content\/uploads\/2021\/03\/1470399662_Marketing-50x50.png 50w, https:\/\/fundacionfafe.org\/wp-content\/uploads\/2021\/03\/1470399662_Marketing-70x70.png 70w, https:\/\/fundacionfafe.org\/wp-content\/uploads\/2021\/03\/1470399662_Marketing-100x100.png 100w\" sizes=\"(max-width: 128px) 100vw, 128px\" \/><\/a><\/figure><div class=\"elementor-image-box-content\"><h3 class=\"elementor-image-box-title\"><a href=\"https:\/\/fundacionfafe.org\/wp-content\/uploads\/2023\/05\/CERTIFICACION-CARGOS-DIRECTIVOS-Y-GERENCIALES-Fafe.pdf\">CERTIFICACI\u00d3N CARGOS DIRECTIVOS Y GERENCIALES Fafe<\/a><\/h3><p class=\"elementor-image-box-description\">Conoce los detalles de este documento haciendo click en esta secci\u00f3n. Cualquier informaci\u00f3n adicional deber\u00e1 ser solicitada con antelaci\u00f3n.<\/p><\/div><\/div>\t\t\t\t<\/div>\n\t\t\t\t<\/div>\n\t\t\t\t\t<\/div>\n\t\t<\/div>\n\t\t\t\t\t<\/div>\n\t\t<\/section>\n\t\t\t\t\t<\/div>\n\t\t<\/div>\n\t\t\t\t\t<\/div>\n\t\t<\/section>\n\t\t\t\t<\/div>","protected":false},"excerpt":{"rendered":"<p>DIAN RTE CCMA MAR 29 2023 Conoce los detalles de este documento haciendo click en esta secci\u00f3n. Cualquier informaci\u00f3n adicional deber\u00e1 ser solicitada con antelaci\u00f3n. CERTIFICACION DE CUMPLIMIENTO DE REQUISITOS PARA PERMANECER RTE Conoce los detalles de este documento haciendo click en esta secci\u00f3n. Cualquier informaci\u00f3n adicional deber\u00e1 ser solicitada con antelaci\u00f3n. CERTIFICACI\u00d3N ANTECEDENTES JUDICIALES [&hellip;]<\/p>\n","protected":false},"author":1,"featured_media":0,"parent":0,"menu_order":0,"comment_status":"closed","ping_status":"closed","template":"","meta":{"site-sidebar-layout":"no-sidebar","site-content-layout":"page-builder","ast-site-content-layout":"default","site-content-style":"default","site-sidebar-style":"default","ast-global-header-display":"","ast-banner-title-visibility":"","ast-main-header-display":"","ast-hfb-above-header-display":"","ast-hfb-below-header-display":"","ast-hfb-mobile-header-display":"","site-post-title":"disabled","ast-breadcrumbs-content":"","ast-featured-img":"disabled","footer-sml-layout":"","ast-disable-related-posts":"","theme-transparent-header-meta":"default","adv-header-id-meta":"","stick-header-meta":"","header-above-stick-meta":"","header-main-stick-meta":"","header-below-stick-meta":"","astra-migrate-meta-layouts":"default","ast-page-background-enabled":"default","ast-page-background-meta":{"desktop":{"background-color":"","background-image":"","background-repeat":"repeat","background-position":"center center","background-size":"auto","background-attachment":"scroll","background-type":"","background-media":"","overlay-type":"","overlay-color":"","overlay-opacity":"","overlay-gradient":""},"tablet":{"background-color":"","background-image":"","background-repeat":"repeat","background-position":"center center","background-size":"auto","background-attachment":"scroll","background-type":"","background-media":"","overlay-type":"","overlay-color":"","overlay-opacity":"","overlay-gradient":""},"mobile":{"background-color":"","background-image":"","background-repeat":"repeat","background-position":"center center","background-size":"auto","background-attachment":"scroll","background-type":"","background-media":"","overlay-type":"","overlay-color":"","overlay-opacity":"","overlay-gradient":""}},"ast-content-background-meta":{"desktop":{"background-color":"var(--ast-global-color-5)","background-image":"","background-repeat":"repeat","background-position":"center center","background-size":"auto","background-attachment":"scroll","background-type":"","background-media":"","overlay-type":"","overlay-color":"","overlay-opacity":"","overlay-gradient":""},"tablet":{"background-color":"var(--ast-global-color-5)","background-image":"","background-repeat":"repeat","background-position":"center center","background-size":"auto","background-attachment":"scroll","background-type":"","background-media":"","overlay-type":"","overlay-color":"","overlay-opacity":"","overlay-gradient":""},"mobile":{"background-color":"var(--ast-global-color-5)","background-image":"","background-repeat":"repeat","background-position":"center center","background-size":"auto","background-attachment":"scroll","background-type":"","background-media":"","overlay-type":"","overlay-color":"","overlay-opacity":"","overlay-gradient":""}},"footnotes":"","_joinchat":[]},"_links":{"self":[{"href":"https:\/\/fundacionfafe.org\/en\/wp-json\/wp\/v2\/pages\/721"}],"collection":[{"href":"https:\/\/fundacionfafe.org\/en\/wp-json\/wp\/v2\/pages"}],"about":[{"href":"https:\/\/fundacionfafe.org\/en\/wp-json\/wp\/v2\/types\/page"}],"author":[{"embeddable":true,"href":"https:\/\/fundacionfafe.org\/en\/wp-json\/wp\/v2\/users\/1"}],"replies":[{"embeddable":true,"href":"https:\/\/fundacionfafe.org\/en\/wp-json\/wp\/v2\/comments?post=721"}],"version-history":[{"count":41,"href":"https:\/\/fundacionfafe.org\/en\/wp-json\/wp\/v2\/pages\/721\/revisions"}],"predecessor-version":[{"id":1526,"href":"https:\/\/fundacionfafe.org\/en\/wp-json\/wp\/v2\/pages\/721\/revisions\/1526"}],"wp:attachment":[{"href":"https:\/\/fundacionfafe.org\/en\/wp-json\/wp\/v2\/media?parent=721"}],"curies":[{"name":"wp","href":"https:\/\/api.w.org\/{rel}","templated":true}]}}